{"id":2324,"date":"2024-06-11T14:36:52","date_gmt":"2024-06-11T14:36:52","guid":{"rendered":"https:\/\/phantom.pt\/contacto\/"},"modified":"2025-04-08T09:31:40","modified_gmt":"2025-04-08T09:31:40","slug":"contacto","status":"publish","type":"page","link":"https:\/\/phantom.pt\/pt-pt\/contacto\/","title":{"rendered":"Contacto"},"content":{"rendered":"[vc_row type=&#8221;full_width_background&#8221; full_screen_row_position=&#8221;middle&#8221; column_margin=&#8221;default&#8221; equal_height=&#8221;yes&#8221; content_placement=&#8221;middle&#8221; column_direction=&#8221;default&#8221; column_direction_tablet=&#8221;default&#8221; column_direction_phone=&#8221;default&#8221; scene_position=&#8221;center&#8221; top_padding=&#8221;12%&#8221; bottom_padding=&#8221;6%&#8221; left_padding_phone=&#8221;0&#8243; constrain_group_6=&#8221;yes&#8221; right_padding_phone=&#8221;0&#8243; text_color=&#8221;dark&#8221; text_align=&#8221;left&#8221; row_border_radius=&#8221;none&#8221; row_border_radius_applies=&#8221;bg&#8221; overflow=&#8221;visible&#8221; advanced_gradient_angle=&#8221;0&#8243; overlay_strength=&#8221;0.3&#8243; gradient_direction=&#8221;left_to_right&#8221; shape_divider_position=&#8221;bottom&#8221; bg_image_animation=&#8221;none&#8221; gradient_type=&#8221;default&#8221; shape_type=&#8221;&#8221;][vc_column column_padding=&#8221;no-extra-padding&#8221; column_padding_tablet=&#8221;inherit&#8221; column_padding_phone=&#8221;inherit&#8221; column_padding_position=&#8221;all&#8221; column_element_direction_desktop=&#8221;default&#8221; column_element_spacing=&#8221;0px&#8221; desktop_text_alignment=&#8221;default&#8221; tablet_text_alignment=&#8221;default&#8221; phone_text_alignment=&#8221;default&#8221; background_color_opacity=&#8221;1&#8243; background_hover_color_opacity=&#8221;1&#8243; column_backdrop_filter=&#8221;none&#8221; column_shadow=&#8221;none&#8221; column_border_radius=&#8221;none&#8221; column_link_target=&#8221;_self&#8221; column_position=&#8221;default&#8221; advanced_gradient_angle=&#8221;0&#8243; gradient_direction=&#8221;left_to_right&#8221; overlay_strength=&#8221;0.3&#8243; width=&#8221;1\/1&#8243; tablet_width_inherit=&#8221;default&#8221; animation_type=&#8221;default&#8221; bg_image_animation=&#8221;none&#8221; border_type=&#8221;simple&#8221; column_border_width=&#8221;none&#8221; column_border_style=&#8221;solid&#8221; gradient_type=&#8221;default&#8221; column_padding_type=&#8221;default&#8221;][nectar_responsive_text font_line_height=&#8221;1.3&#8243; text_direction=&#8221;default&#8221; font_size_desktop=&#8221;1.1vw&#8221; font_size_tablet=&#8221;16px&#8221; font_size_phone=&#8221;16px&#8221;]\n<h1>Contacto &#8211; Phantom<\/h1>\n[\/nectar_responsive_text][divider line_type=&#8221;No Line&#8221; custom_height=&#8221;20px&#8221;][nectar_responsive_text font_size_desktop=&#8221;4.5vw&#8221; font_size_tablet=&#8221;5vw&#8221; font_line_height=&#8221;1.3&#8243; text_direction=&#8221;default&#8221; font_size_phone=&#8221;8vw&#8221;]\n<h4>Em Portugal e no mundo<\/h4>\n[\/nectar_responsive_text][vc_row_inner equal_height=&#8221;yes&#8221; column_margin=&#8221;default&#8221; column_direction=&#8221;default&#8221; column_direction_tablet=&#8221;default&#8221; column_direction_phone=&#8221;default&#8221; top_padding=&#8221;5%&#8221; top_padding_phone=&#8221;10%&#8221; text_align=&#8221;left&#8221; row_position=&#8221;default&#8221; row_position_tablet=&#8221;inherit&#8221; row_position_phone=&#8221;inherit&#8221; overflow=&#8221;visible&#8221; pointer_events=&#8221;all&#8221;][vc_column_inner column_padding=&#8221;no-extra-padding&#8221; column_padding_tablet=&#8221;inherit&#8221; column_padding_phone=&#8221;inherit&#8221; column_padding_position=&#8221;all&#8221; column_element_direction_desktop=&#8221;default&#8221; column_element_spacing=&#8221;default&#8221; desktop_text_alignment=&#8221;default&#8221; tablet_text_alignment=&#8221;default&#8221; phone_text_alignment=&#8221;default&#8221; background_color_opacity=&#8221;1&#8243; background_hover_color_opacity=&#8221;1&#8243; column_backdrop_filter=&#8221;none&#8221; column_shadow=&#8221;none&#8221; column_border_radius=&#8221;none&#8221; column_link_target=&#8221;_self&#8221; overflow=&#8221;visible&#8221; gradient_direction=&#8221;left_to_right&#8221; overlay_strength=&#8221;0.3&#8243; width=&#8221;1\/3&#8243; tablet_width_inherit=&#8221;default&#8221; animation_type=&#8221;default&#8221; bg_image_animation=&#8221;none&#8221; border_type=&#8221;simple&#8221; column_border_width=&#8221;none&#8221; column_border_style=&#8221;solid&#8221;][nectar_cta btn_style=&#8221;basic&#8221; heading_tag=&#8221;h4&#8243; button_color=&#8221;default&#8221; text_color=&#8221;#000000&#8243; text_color_hover=&#8221;#999999&#8243; button_border_thickness=&#8221;0px&#8221; link_type=&#8221;regular&#8221; alignment=&#8221;left&#8221; alignment_tablet=&#8221;default&#8221; alignment_phone=&#8221;default&#8221; display=&#8221;block&#8221; display_tablet=&#8221;inherit&#8221; display_phone=&#8221;inherit&#8221; icon_family=&#8221;none&#8221; link_text=&#8221;talk@phantom.pt&#8221; url=&#8221;mailto:talk@phantom.pt&#8221; font_size_desktop=&#8221;3vw&#8221; font_size_tablet=&#8221;20px&#8221;][\/vc_column_inner][vc_column_inner column_padding=&#8221;no-extra-padding&#8221; column_padding_tablet=&#8221;inherit&#8221; column_padding_phone=&#8221;inherit&#8221; column_padding_position=&#8221;all&#8221; column_element_direction_desktop=&#8221;default&#8221; column_element_spacing=&#8221;default&#8221; desktop_text_alignment=&#8221;default&#8221; tablet_text_alignment=&#8221;default&#8221; phone_text_alignment=&#8221;default&#8221; background_color_opacity=&#8221;1&#8243; background_hover_color_opacity=&#8221;1&#8243; column_backdrop_filter=&#8221;none&#8221; column_shadow=&#8221;none&#8221; column_border_radius=&#8221;none&#8221; column_link_target=&#8221;_self&#8221; overflow=&#8221;visible&#8221; gradient_direction=&#8221;left_to_right&#8221; overlay_strength=&#8221;0.3&#8243; width=&#8221;1\/3&#8243; tablet_width_inherit=&#8221;default&#8221; animation_type=&#8221;default&#8221; bg_image_animation=&#8221;none&#8221; border_type=&#8221;simple&#8221; column_border_width=&#8221;none&#8221; column_border_style=&#8221;solid&#8221;][nectar_cta btn_style=&#8221;basic&#8221; heading_tag=&#8221;h4&#8243; button_color=&#8221;default&#8221; text_color=&#8221;#000000&#8243; text_color_hover=&#8221;#999999&#8243; button_border_thickness=&#8221;0px&#8221; link_type=&#8221;regular&#8221; alignment=&#8221;center&#8221; alignment_tablet=&#8221;left&#8221; alignment_phone=&#8221;left&#8221; display=&#8221;block&#8221; display_tablet=&#8221;inherit&#8221; display_phone=&#8221;inherit&#8221; icon_family=&#8221;none&#8221; link_text=&#8221;+351 919 210 806&#8243; font_size_desktop=&#8221;3vw&#8221; url=&#8221;tel:00351919210806&#8243; font_size_tablet=&#8221;20px&#8221;][\/vc_column_inner][vc_column_inner column_padding=&#8221;no-extra-padding&#8221; column_padding_tablet=&#8221;inherit&#8221; column_padding_phone=&#8221;inherit&#8221; column_padding_position=&#8221;all&#8221; column_element_direction_desktop=&#8221;default&#8221; column_element_spacing=&#8221;default&#8221; desktop_text_alignment=&#8221;default&#8221; tablet_text_alignment=&#8221;default&#8221; phone_text_alignment=&#8221;default&#8221; background_color_opacity=&#8221;1&#8243; background_hover_color_opacity=&#8221;1&#8243; column_backdrop_filter=&#8221;none&#8221; column_shadow=&#8221;none&#8221; column_border_radius=&#8221;none&#8221; column_link_target=&#8221;_self&#8221; overflow=&#8221;visible&#8221; gradient_direction=&#8221;left_to_right&#8221; overlay_strength=&#8221;0.3&#8243; width=&#8221;1\/3&#8243; tablet_width_inherit=&#8221;default&#8221; animation_type=&#8221;default&#8221; bg_image_animation=&#8221;none&#8221; border_type=&#8221;simple&#8221; column_border_width=&#8221;none&#8221; column_border_style=&#8221;solid&#8221;][nectar_cta btn_style=&#8221;basic&#8221; heading_tag=&#8221;h4&#8243; button_color=&#8221;default&#8221; text_color=&#8221;#000000&#8243; text_color_hover=&#8221;#999999&#8243; button_border_thickness=&#8221;0px&#8221; link_type=&#8221;regular&#8221; alignment=&#8221;right&#8221; alignment_tablet=&#8221;left&#8221; alignment_phone=&#8221;left&#8221; display=&#8221;block&#8221; display_tablet=&#8221;inherit&#8221; display_phone=&#8221;inherit&#8221; icon_family=&#8221;none&#8221; link_text=&#8221;WhatsApp&#8221; url=&#8221;https:\/\/wa.me\/+351919210806?text=Hello%20Phantom,I%27m%20interested%20in%20a%20service%20from%20your%20company&#8221; font_size_desktop=&#8221;3vw&#8221; font_size_tablet=&#8221;20px&#8221;][\/vc_column_inner][\/vc_row_inner][\/vc_column][\/vc_row][vc_row type=&#8221;in_container&#8221; full_screen_row_position=&#8221;middle&#8221; column_margin=&#8221;default&#8221; column_direction=&#8221;default&#8221; column_direction_tablet=&#8221;default&#8221; column_direction_phone=&#8221;default&#8221; scene_position=&#8221;center&#8221; text_color=&#8221;dark&#8221; text_align=&#8221;left&#8221; row_border_radius=&#8221;none&#8221; row_border_radius_applies=&#8221;bg&#8221; overflow=&#8221;visible&#8221; overlay_strength=&#8221;0.3&#8243; gradient_direction=&#8221;left_to_right&#8221; shape_divider_position=&#8221;bottom&#8221; bg_image_animation=&#8221;none&#8221;][vc_column column_padding=&#8221;no-extra-padding&#8221; column_padding_tablet=&#8221;inherit&#8221; column_padding_phone=&#8221;inherit&#8221; column_padding_position=&#8221;all&#8221; column_element_direction_desktop=&#8221;default&#8221; column_element_spacing=&#8221;default&#8221; desktop_text_alignment=&#8221;default&#8221; tablet_text_alignment=&#8221;default&#8221; phone_text_alignment=&#8221;default&#8221; background_color_opacity=&#8221;1&#8243; background_hover_color_opacity=&#8221;1&#8243; column_backdrop_filter=&#8221;none&#8221; column_shadow=&#8221;none&#8221; column_border_radius=&#8221;none&#8221; column_link_target=&#8221;_self&#8221; column_position=&#8221;default&#8221; gradient_direction=&#8221;left_to_right&#8221; overlay_strength=&#8221;0.3&#8243; width=&#8221;1\/1&#8243; tablet_width_inherit=&#8221;default&#8221; animation_type=&#8221;default&#8221; bg_image_animation=&#8221;none&#8221; border_type=&#8221;simple&#8221; column_border_width=&#8221;none&#8221; column_border_style=&#8221;solid&#8221;][nectar_global_section id=&#8221;1205&#8243;][\/vc_column][\/vc_row]\n","protected":false},"excerpt":{"rendered":"<p>[vc_row type=&#8221;full_width_background&#8221; full_screen_row_position=&#8221;middle&#8221; column_margin=&#8221;default&#8221; equal_height=&#8221;yes&#8221; content_placement=&#8221;middle&#8221; column_direction=&#8221;default&#8221; column_direction_tablet=&#8221;default&#8221; column_direction_phone=&#8221;default&#8221; scene_position=&#8221;center&#8221; top_padding=&#8221;12%&#8221; bottom_padding=&#8221;6%&#8221; left_padding_phone=&#8221;0&#8243; constrain_group_6=&#8221;yes&#8221; right_padding_phone=&#8221;0&#8243; text_color=&#8221;dark&#8221; text_align=&#8221;left&#8221; row_border_radius=&#8221;none&#8221; row_border_radius_applies=&#8221;bg&#8221; overflow=&#8221;visible&#8221; advanced_gradient_angle=&#8221;0&#8243; overlay_strength=&#8221;0.3&#8243; gradient_direction=&#8221;left_to_right&#8221; shape_divider_position=&#8221;bottom&#8221; bg_image_animation=&#8221;none&#8221; gradient_type=&#8221;default&#8221; shape_type=&#8221;&#8221;][vc_column column_padding=&#8221;no-extra-padding&#8221; column_padding_tablet=&#8221;inherit&#8221; column_padding_phone=&#8221;inherit&#8221;&#8230;<\/p>\n","protected":false},"author":1,"featured_media":2241,"parent":0,"menu_order":0,"comment_status":"closed","ping_status":"closed","template":"","meta":{"inline_featured_image":false,"footnotes":""},"class_list":["post-2324","page","type-page","status-publish","has-post-thumbnail"],"yoast_head":"<!-- This site is optimized with the Yoast SEO plugin v27.5 - https:\/\/yoast.com\/product\/yoast-seo-wordpress\/ -->\n<title>Contacto - Phantom<\/title>\n<meta name=\"description\" content=\"Contacta a Phantom para solicitar servi\u00e7os de Marketing Digital. Fornecemos desenvolvimento de s\u00edtios Web e lojas online, branding e muito mais a n\u00edvel mundial.\" \/>\n<meta name=\"robots\" content=\"index, follow, max-snippet:-1, max-image-preview:large, max-video-preview:-1\" \/>\n<link rel=\"canonical\" href=\"https:\/\/phantom.pt\/pt-pt\/contacto\/\" \/>\n<meta property=\"og:locale\" content=\"pt_PT\" \/>\n<meta property=\"og:type\" content=\"article\" \/>\n<meta property=\"og:title\" content=\"Contacto - Phantom\" \/>\n<meta property=\"og:description\" content=\"Contacta a Phantom para solicitar servi\u00e7os de Marketing Digital. Fornecemos desenvolvimento de s\u00edtios Web e lojas online, branding e muito mais a n\u00edvel mundial.\" \/>\n<meta property=\"og:url\" content=\"https:\/\/phantom.pt\/pt-pt\/contacto\/\" \/>\n<meta property=\"og:site_name\" content=\"Phantom\" \/>\n<meta property=\"article:publisher\" content=\"https:\/\/www.facebook.com\/phantom.portugal\" \/>\n<meta property=\"article:modified_time\" content=\"2025-04-08T09:31:40+00:00\" \/>\n<meta property=\"og:image\" content=\"https:\/\/phantom.pt\/wp-content\/uploads\/2024\/07\/phantom-digital-markting.webp\" \/>\n\t<meta property=\"og:image:width\" content=\"1920\" \/>\n\t<meta property=\"og:image:height\" content=\"1080\" \/>\n\t<meta property=\"og:image:type\" content=\"image\/webp\" \/>\n<meta name=\"twitter:card\" content=\"summary_large_image\" \/>\n<meta name=\"twitter:label1\" content=\"Tempo estimado de leitura\" \/>\n\t<meta name=\"twitter:data1\" content=\"2 minutos\" \/>\n<script type=\"application\/ld+json\" class=\"yoast-schema-graph\">{\"@context\":\"https:\\\/\\\/schema.org\",\"@graph\":[{\"@type\":\"WebPage\",\"@id\":\"https:\\\/\\\/phantom.pt\\\/pt-pt\\\/contacto\\\/\",\"url\":\"https:\\\/\\\/phantom.pt\\\/pt-pt\\\/contacto\\\/\",\"name\":\"Contacto - Phantom\",\"isPartOf\":{\"@id\":\"https:\\\/\\\/phantom.pt\\\/pt-pt\\\/#website\"},\"primaryImageOfPage\":{\"@id\":\"https:\\\/\\\/phantom.pt\\\/pt-pt\\\/contacto\\\/#primaryimage\"},\"image\":{\"@id\":\"https:\\\/\\\/phantom.pt\\\/pt-pt\\\/contacto\\\/#primaryimage\"},\"thumbnailUrl\":\"https:\\\/\\\/phantom.pt\\\/wp-content\\\/uploads\\\/2024\\\/07\\\/phantom-digital-markting.webp\",\"datePublished\":\"2024-06-11T14:36:52+00:00\",\"dateModified\":\"2025-04-08T09:31:40+00:00\",\"description\":\"Contacta a Phantom para solicitar servi\u00e7os de Marketing Digital. Fornecemos desenvolvimento de s\u00edtios Web e lojas online, branding e muito mais a n\u00edvel mundial.\",\"breadcrumb\":{\"@id\":\"https:\\\/\\\/phantom.pt\\\/pt-pt\\\/contacto\\\/#breadcrumb\"},\"inLanguage\":\"pt-PT\",\"potentialAction\":[{\"@type\":\"ReadAction\",\"target\":[\"https:\\\/\\\/phantom.pt\\\/pt-pt\\\/contacto\\\/\"]}]},{\"@type\":\"ImageObject\",\"inLanguage\":\"pt-PT\",\"@id\":\"https:\\\/\\\/phantom.pt\\\/pt-pt\\\/contacto\\\/#primaryimage\",\"url\":\"https:\\\/\\\/phantom.pt\\\/wp-content\\\/uploads\\\/2024\\\/07\\\/phantom-digital-markting.webp\",\"contentUrl\":\"https:\\\/\\\/phantom.pt\\\/wp-content\\\/uploads\\\/2024\\\/07\\\/phantom-digital-markting.webp\",\"width\":1920,\"height\":1080},{\"@type\":\"BreadcrumbList\",\"@id\":\"https:\\\/\\\/phantom.pt\\\/pt-pt\\\/contacto\\\/#breadcrumb\",\"itemListElement\":[{\"@type\":\"ListItem\",\"position\":1,\"name\":\"In\u00edcio\",\"item\":\"https:\\\/\\\/phantom.pt\\\/pt-pt\\\/\"},{\"@type\":\"ListItem\",\"position\":2,\"name\":\"Contacto\"}]},{\"@type\":\"WebSite\",\"@id\":\"https:\\\/\\\/phantom.pt\\\/pt-pt\\\/#website\",\"url\":\"https:\\\/\\\/phantom.pt\\\/pt-pt\\\/\",\"name\":\"Phantom\",\"description\":\"Digitalize Your Business\",\"publisher\":{\"@id\":\"https:\\\/\\\/phantom.pt\\\/pt-pt\\\/#organization\"},\"potentialAction\":[{\"@type\":\"SearchAction\",\"target\":{\"@type\":\"EntryPoint\",\"urlTemplate\":\"https:\\\/\\\/phantom.pt\\\/pt-pt\\\/?s={search_term_string}\"},\"query-input\":{\"@type\":\"PropertyValueSpecification\",\"valueRequired\":true,\"valueName\":\"search_term_string\"}}],\"inLanguage\":\"pt-PT\"},{\"@type\":\"Organization\",\"@id\":\"https:\\\/\\\/phantom.pt\\\/pt-pt\\\/#organization\",\"name\":\"Phantom\",\"url\":\"https:\\\/\\\/phantom.pt\\\/pt-pt\\\/\",\"logo\":{\"@type\":\"ImageObject\",\"inLanguage\":\"pt-PT\",\"@id\":\"https:\\\/\\\/phantom.pt\\\/pt-pt\\\/#\\\/schema\\\/logo\\\/image\\\/\",\"url\":\"https:\\\/\\\/phantom.pt\\\/wp-content\\\/uploads\\\/2024\\\/07\\\/phantom-ig2.jpg\",\"contentUrl\":\"https:\\\/\\\/phantom.pt\\\/wp-content\\\/uploads\\\/2024\\\/07\\\/phantom-ig2.jpg\",\"width\":1000,\"height\":1000,\"caption\":\"Phantom\"},\"image\":{\"@id\":\"https:\\\/\\\/phantom.pt\\\/pt-pt\\\/#\\\/schema\\\/logo\\\/image\\\/\"},\"sameAs\":[\"https:\\\/\\\/www.facebook.com\\\/phantom.portugal\",\"https:\\\/\\\/www.instagram.com\\\/phantom.portugal\\\/\"]}]}<\/script>\n<!-- \/ Yoast SEO plugin. -->","yoast_head_json":{"title":"Contacto - Phantom","description":"Contacta a Phantom para solicitar servi\u00e7os de Marketing Digital. Fornecemos desenvolvimento de s\u00edtios Web e lojas online, branding e muito mais a n\u00edvel mundial.","robots":{"index":"index","follow":"follow","max-snippet":"max-snippet:-1","max-image-preview":"max-image-preview:large","max-video-preview":"max-video-preview:-1"},"canonical":"https:\/\/phantom.pt\/pt-pt\/contacto\/","og_locale":"pt_PT","og_type":"article","og_title":"Contacto - Phantom","og_description":"Contacta a Phantom para solicitar servi\u00e7os de Marketing Digital. Fornecemos desenvolvimento de s\u00edtios Web e lojas online, branding e muito mais a n\u00edvel mundial.","og_url":"https:\/\/phantom.pt\/pt-pt\/contacto\/","og_site_name":"Phantom","article_publisher":"https:\/\/www.facebook.com\/phantom.portugal","article_modified_time":"2025-04-08T09:31:40+00:00","og_image":[{"width":1920,"height":1080,"url":"https:\/\/phantom.pt\/wp-content\/uploads\/2024\/07\/phantom-digital-markting.webp","type":"image\/webp"}],"twitter_card":"summary_large_image","twitter_misc":{"Tempo estimado de leitura":"2 minutos"},"schema":{"@context":"https:\/\/schema.org","@graph":[{"@type":"WebPage","@id":"https:\/\/phantom.pt\/pt-pt\/contacto\/","url":"https:\/\/phantom.pt\/pt-pt\/contacto\/","name":"Contacto - Phantom","isPartOf":{"@id":"https:\/\/phantom.pt\/pt-pt\/#website"},"primaryImageOfPage":{"@id":"https:\/\/phantom.pt\/pt-pt\/contacto\/#primaryimage"},"image":{"@id":"https:\/\/phantom.pt\/pt-pt\/contacto\/#primaryimage"},"thumbnailUrl":"https:\/\/phantom.pt\/wp-content\/uploads\/2024\/07\/phantom-digital-markting.webp","datePublished":"2024-06-11T14:36:52+00:00","dateModified":"2025-04-08T09:31:40+00:00","description":"Contacta a Phantom para solicitar servi\u00e7os de Marketing Digital. Fornecemos desenvolvimento de s\u00edtios Web e lojas online, branding e muito mais a n\u00edvel mundial.","breadcrumb":{"@id":"https:\/\/phantom.pt\/pt-pt\/contacto\/#breadcrumb"},"inLanguage":"pt-PT","potentialAction":[{"@type":"ReadAction","target":["https:\/\/phantom.pt\/pt-pt\/contacto\/"]}]},{"@type":"ImageObject","inLanguage":"pt-PT","@id":"https:\/\/phantom.pt\/pt-pt\/contacto\/#primaryimage","url":"https:\/\/phantom.pt\/wp-content\/uploads\/2024\/07\/phantom-digital-markting.webp","contentUrl":"https:\/\/phantom.pt\/wp-content\/uploads\/2024\/07\/phantom-digital-markting.webp","width":1920,"height":1080},{"@type":"BreadcrumbList","@id":"https:\/\/phantom.pt\/pt-pt\/contacto\/#breadcrumb","itemListElement":[{"@type":"ListItem","position":1,"name":"In\u00edcio","item":"https:\/\/phantom.pt\/pt-pt\/"},{"@type":"ListItem","position":2,"name":"Contacto"}]},{"@type":"WebSite","@id":"https:\/\/phantom.pt\/pt-pt\/#website","url":"https:\/\/phantom.pt\/pt-pt\/","name":"Phantom","description":"Digitalize Your Business","publisher":{"@id":"https:\/\/phantom.pt\/pt-pt\/#organization"},"potentialAction":[{"@type":"SearchAction","target":{"@type":"EntryPoint","urlTemplate":"https:\/\/phantom.pt\/pt-pt\/?s={search_term_string}"},"query-input":{"@type":"PropertyValueSpecification","valueRequired":true,"valueName":"search_term_string"}}],"inLanguage":"pt-PT"},{"@type":"Organization","@id":"https:\/\/phantom.pt\/pt-pt\/#organization","name":"Phantom","url":"https:\/\/phantom.pt\/pt-pt\/","logo":{"@type":"ImageObject","inLanguage":"pt-PT","@id":"https:\/\/phantom.pt\/pt-pt\/#\/schema\/logo\/image\/","url":"https:\/\/phantom.pt\/wp-content\/uploads\/2024\/07\/phantom-ig2.jpg","contentUrl":"https:\/\/phantom.pt\/wp-content\/uploads\/2024\/07\/phantom-ig2.jpg","width":1000,"height":1000,"caption":"Phantom"},"image":{"@id":"https:\/\/phantom.pt\/pt-pt\/#\/schema\/logo\/image\/"},"sameAs":["https:\/\/www.facebook.com\/phantom.portugal","https:\/\/www.instagram.com\/phantom.portugal\/"]}]}},"_links":{"self":[{"href":"https:\/\/phantom.pt\/pt-pt\/wp-json\/wp\/v2\/pages\/2324","targetHints":{"allow":["GET"]}}],"collection":[{"href":"https:\/\/phantom.pt\/pt-pt\/wp-json\/wp\/v2\/pages"}],"about":[{"href":"https:\/\/phantom.pt\/pt-pt\/wp-json\/wp\/v2\/types\/page"}],"author":[{"embeddable":true,"href":"https:\/\/phantom.pt\/pt-pt\/wp-json\/wp\/v2\/users\/1"}],"replies":[{"embeddable":true,"href":"https:\/\/phantom.pt\/pt-pt\/wp-json\/wp\/v2\/comments?post=2324"}],"version-history":[{"count":3,"href":"https:\/\/phantom.pt\/pt-pt\/wp-json\/wp\/v2\/pages\/2324\/revisions"}],"predecessor-version":[{"id":2462,"href":"https:\/\/phantom.pt\/pt-pt\/wp-json\/wp\/v2\/pages\/2324\/revisions\/2462"}],"wp:featuredmedia":[{"embeddable":true,"href":"https:\/\/phantom.pt\/pt-pt\/wp-json\/wp\/v2\/media\/2241"}],"wp:attachment":[{"href":"https:\/\/phantom.pt\/pt-pt\/wp-json\/wp\/v2\/media?parent=2324"}],"curies":[{"name":"wp","href":"https:\/\/api.w.org\/{rel}","templated":true}]}}